{"id":316,"date":"2023-02-15T18:34:20","date_gmt":"2023-02-15T17:34:20","guid":{"rendered":"https:\/\/muensteraner-kreis.de\/?page_id=316"},"modified":"2023-02-15T18:46:52","modified_gmt":"2023-02-15T17:46:52","slug":"muensteraner-memorandum-homoeopathie-in-der-apotheke","status":"publish","type":"page","link":"https:\/\/muensteraner-kreis.de\/?page_id=316","title":{"rendered":"M\u00fcnsteraner Memorandum Hom\u00f6opathie in der Apotheke"},"content":{"rendered":"\n<p>Autor:innen: Norbert Aust, Sabine Breiholz (Gastautorin), Edzard Ernst, Iris Hundertmark (Gastautorin), Oliver R. Scholz<\/p>\n\n\n\n<p>Februar 2023<\/p>\n\n\n\n<h3 class=\"wp-block-heading\">Zusammenfassung<\/h3>\n\n\n\n<p>Durch fragw\u00fcrdige Regelungen im deutschen Arzneimittelrecht kann f\u00fcr Hom\u00f6opathika der Status eines Arzneimittels erlangt werden, ohne dass ein valider Wirksamkeitsnachweis erbracht werden muss. Als Arzneimittel d\u00fcrfen diese Pr\u00e4parate dann nur in Apotheken an die Kunden abgegeben werden, womit allerdings eine Verpflichtung entsteht, diese auf Wunsch bzw. Verordnung auch zu liefern. Es gibt jedoch eine nennenswerte Anzahl von Apotheken, die weit dar\u00fcber hinausgehen und Hom\u00f6opathika als sinnvolle Therapieoption bewerben, indem sie sie an prominenter Stelle in der Fensterauslage darbieten. Oder den Kunden wird die Anwendung empfohlen, es werden entsprechende Vortragsveranstaltungen unterst\u00fctzt und vieles mehr. Oftmals werden sogar hom\u00f6opathische Pr\u00e4parate nach eigener Rezeptur hergestellt und unter eigenem Namen vermarktet.&nbsp;<\/p>\n\n\n\n<p>Damit Apotheker und pharmazeutisch-technische Assistenten (PTAs) ihre wichtige Aufgabe in der ordnungsgem\u00e4\u00dfen Versorgung der Bev\u00f6lkerung mit Arzneimitteln wahrnehmen k\u00f6nnen, m\u00fcssen sie ein wissenschaftliches Studium der Pharmazie bzw. eine staatlich geregelte Ausbildung erfolgreich abgeschlossen haben. Hiermit soll gew\u00e4hrleistet werden, dass die Kunden entsprechend dem jeweils aktuellen Kenntnisstand \u00fcber ihre Medikamente informiert und sachgerecht beraten werden.&nbsp;<\/p>\n\n\n\n<p>Nach erfolgreichem Abschluss der Ausbildung bzw. des Studiums sind PTAs und Apotheker ohne Zweifel in der Lage, zu erkennen, dass Hom\u00f6opathika nicht \u00fcber Placebo hinaus wirksam sein k\u00f6nnen. Sie weisen keinen nennenswerten Gehalt an Wirkstoffen auf &#8211; sofern etwa bei den als besonders wirksam geltenden Hochpotenzen \u00fcberhaupt noch aktive Bestandteile vorhanden sind. Folglich handeln Apotheker und PTAs wider besseren Wissens zum Nachteil ihrer Kunden, wenn sie durch ihre Handlungen den Eindruck erwecken, dass Hom\u00f6opathika eine sinnvolle Therapieoption darstellten und die Kunden dadurch zu Kauf und Anwendung animiert werden.<\/p>\n\n\n\n<p>Hom\u00f6opathika haben zwar in Abwesenheit von relevanten Mengen pharmakologisch wirksamer Substanzen in den Pr\u00e4paraten kein direktes Schadenspotenzial, dennoch ist ihre Verbreitung kritisch zu sehen. Nicht nur vergeht beim vergeblichen Abwarten einer Wirkung unn\u00f6tig Zeit, die den Beginn einer wirksamen Therapie verz\u00f6gern kann. Eine Hinwendung zur Hom\u00f6opathie geht oftmals mit einer kritischen Distanz bis hin zur Ablehnung der Methoden und Errungenschaften der wissenschaftlich orientierten Medizin und des \u00f6ffentlichen Gesundheitswesens einher, etwa wenn die Hom\u00f6opathie als Gegenpol zu einer als bedrohlich dargestellten &#8222;Pharma-Mafia&#8220; positioniert wird.<\/p>\n\n\n\n<p>Der M\u00fcnsteraner Kreis appelliert an die Apotheker und PTAs in Deutschland, Hom\u00f6opathika nicht mehr als wirksame Therapieoption zu bewerben, sie nicht mehr in Eigenregie herzustellen und zu vermarkten und ihre Kunden dahingehend zu beraten, dass keine \u00fcber Placebo hinausgehende Wirksamkeit hom\u00f6opathischer Pr\u00e4parate gegeben ist. Die Apothekerkammern und andere Tr\u00e4ger f\u00fcr Weiterbildungen werden aufgefordert, Lehrg\u00e4nge zur Hom\u00f6opathie nicht mehr anzubieten &#8211; allenfalls noch, wenn inhaltlich darauf abgezielt wird, die oftmals abstrusen Behauptungen der Anh\u00e4nger \u00fcberzeugend zu widerlegen.<\/p>\n\n\n\n<p><em>Das gesamte Memorandum gibt er hier als<\/em> <em><a href=\"http:\/\/muensteraner-kreis.de\/wp-content\/uploads\/2023\/02\/Muensteraner-Memorandum-Homoeopathie-in-der-Apotheke.pdf\" target=\"_blank\" rel=\"noreferrer noopener\">pdf-Download<\/a>.<\/em><\/p>\n","protected":false},"excerpt":{"rendered":"<p>Autor:innen: Norbert Aust, Sabine Breiholz (Gastautorin), Edzard Ernst, Iris Hundertmark (Gastautorin), Oliver R. Scholz Februar 2023 Zusammenfassung Durch fragw\u00fcrdige Regelungen im deutschen Arzneimittelrecht kann f\u00fcr Hom\u00f6opathika der Status eines Arzneimittels erlangt werden, ohne dass ein valider Wirksamkeitsnachweis erbracht werden muss. Als Arzneimittel d\u00fcrfen diese Pr\u00e4parate dann nur in Apotheken an die Kunden abgegeben werden, womit [&hellip;]<\/p>\n","protected":false},"author":1,"featured_media":0,"parent":0,"menu_order":0,"comment_status":"closed","ping_status":"closed","template":"","meta":{"footnotes":"","_links_to":"","_links_to_target":""},"class_list":["post-316","page","type-page","status-publish","hentry"],"jetpack_sharing_enabled":true,"_links":{"self":[{"href":"https:\/\/muensteraner-kreis.de\/index.php?rest_route=\/wp\/v2\/pages\/316","targetHints":{"allow":["GET"]}}],"collection":[{"href":"https:\/\/muensteraner-kreis.de\/index.php?rest_route=\/wp\/v2\/pages"}],"about":[{"href":"https:\/\/muensteraner-kreis.de\/index.php?rest_route=\/wp\/v2\/types\/page"}],"author":[{"embeddable":true,"href":"https:\/\/muensteraner-kreis.de\/index.php?rest_route=\/wp\/v2\/users\/1"}],"replies":[{"embeddable":true,"href":"https:\/\/muensteraner-kreis.de\/index.php?rest_route=%2Fwp%2Fv2%2Fcomments&post=316"}],"version-history":[{"count":3,"href":"https:\/\/muensteraner-kreis.de\/index.php?rest_route=\/wp\/v2\/pages\/316\/revisions"}],"predecessor-version":[{"id":325,"href":"https:\/\/muensteraner-kreis.de\/index.php?rest_route=\/wp\/v2\/pages\/316\/revisions\/325"}],"wp:attachment":[{"href":"https:\/\/muensteraner-kreis.de\/index.php?rest_route=%2Fwp%2Fv2%2Fmedia&parent=316"}],"curies":[{"name":"wp","href":"https:\/\/api.w.org\/{rel}","templated":true}]}}