{"id":285,"date":"2023-01-18T10:27:14","date_gmt":"2023-01-18T09:27:14","guid":{"rendered":"https:\/\/muensteraner-kreis.de\/?page_id=285"},"modified":"2023-01-18T12:11:22","modified_gmt":"2023-01-18T11:11:22","slug":"muensteraner-memorandum-evidenzbasierte-medizin","status":"publish","type":"page","link":"https:\/\/muensteraner-kreis.de\/?page_id=285","title":{"rendered":"M\u00fcnsteraner Memorandum Evidenz-basierte Medizin"},"content":{"rendered":"\n<h3 class=\"wp-block-heading\">Zur Verk\u00fcrzung des &#8222;Evidenz&#8220;-Begriffs bei der Beurteilung (pseudo)medizinischer Behandlungen<\/h3>\n\n\n\n<p>Autor:innen: Bettina Sch\u00f6ne-Seifert, Norbert Schmacke<\/p>\n\n\n\n<p>Januar 2023<\/p>\n\n\n\n<h4 class=\"wp-block-heading\">Einleitung<\/h4>\n\n\n\n<p>Immer schon gab es in der Medizin Dissense und Schulenstreitigkeiten mit Blick auf die Glaub\u00adw\u00fcrdigkeit bestimmter Wissensbest\u00e4nde. Das unterscheidet die Medi\u00adzin nicht von ande\u00adren wissenschaftlichen Gebieten, sondern geh\u00f6rt zu den Cha\u00adrak\u00adteri\u00ads\u00adtika von Wissenschaft und ihrem Fortschritt.&nbsp;<em>Anhaltend<\/em>&nbsp;falsche wissenschaftliche \u00dcber\u00adzeugun\u00adgen sind nun aber dort beson\u00adders bedauerlich, wo sie nicht nur dem Er\u00adkennt\u00adnis- und Verst\u00e4ndnis\u00adgewinn, sondern auch dem Erreichen prak\u00adtischer Ziele im Weg stehen \u2013 in der Medizin also der best\u00adm\u00f6glichen Be\u00adhandlung, Vorbeu\u00adgung, Symptom\u00adlin\u00adde\u00adrung und Rehabilitation von Krankheiten. Das Er\u00adreichen prakti\u00adscher Ziele inner\u00adhalb wie au\u00dferhalb der Medizin erfordert das Verstehen und Nutzen von Ursache-Wirkungs-Zusammenh\u00e4ngen. Daher sind wissenschaftstheoretische \u00dcber\u00adle\u00ad\u00adgun\u00adgen zur Beurteilung der Plausibilit\u00e4t von Kausal\u00adhypothesen auch in der Medizin no\u00adto\u00adrisch wichtig. Im Folgenden wollen wir solche \u00dcberlegungen insbe\u00adsondere mit Blick auf die Wirksamkeits\u00adbeurteilung sogenannter \u201aKomplement\u00e4r- oder Alternativ\u00admedizini\u00adscher\u2018 (KAM-) Ver\u00ad\u00ad\u00adfah\u00adren anstellen. In kritischer Absicht kann man hier auch den Begriff der \u201ePseudomedizin\u201c verwenden, wie wir ihn als Eye-Catcher in der \u00dcberschrift genutzt haben.<\/p>\n\n\n\n<p><em>Das gesamte Memorandum gibt er hier als <a href=\"http:\/\/muensteraner-kreis.de\/wp-content\/uploads\/2023\/01\/Muensteraner-Memorandum-EbM.pdf\" target=\"_blank\" rel=\"noreferrer noopener\">pdf-Download<\/a>.<\/em><\/p>\n","protected":false},"excerpt":{"rendered":"<p>Zur Verk\u00fcrzung des &#8222;Evidenz&#8220;-Begriffs bei der Beurteilung (pseudo)medizinischer Behandlungen Autor:innen: Bettina Sch\u00f6ne-Seifert, Norbert Schmacke Januar 2023 Einleitung Immer schon gab es in der Medizin Dissense und Schulenstreitigkeiten mit Blick auf die Glaub\u00adw\u00fcrdigkeit bestimmter Wissensbest\u00e4nde. Das unterscheidet die Medi\u00adzin nicht von ande\u00adren wissenschaftlichen Gebieten, sondern geh\u00f6rt zu den Cha\u00adrak\u00adteri\u00ads\u00adtika von Wissenschaft und ihrem Fortschritt.&nbsp;Anhaltend&nbsp;falsche wissenschaftliche \u00dcber\u00adzeugun\u00adgen [&hellip;]<\/p>\n","protected":false},"author":1,"featured_media":0,"parent":0,"menu_order":0,"comment_status":"closed","ping_status":"closed","template":"","meta":{"footnotes":"","_links_to":"","_links_to_target":""},"class_list":["post-285","page","type-page","status-publish","hentry"],"jetpack_sharing_enabled":true,"_links":{"self":[{"href":"https:\/\/muensteraner-kreis.de\/index.php?rest_route=\/wp\/v2\/pages\/285","targetHints":{"allow":["GET"]}}],"collection":[{"href":"https:\/\/muensteraner-kreis.de\/index.php?rest_route=\/wp\/v2\/pages"}],"about":[{"href":"https:\/\/muensteraner-kreis.de\/index.php?rest_route=\/wp\/v2\/types\/page"}],"author":[{"embeddable":true,"href":"https:\/\/muensteraner-kreis.de\/index.php?rest_route=\/wp\/v2\/users\/1"}],"replies":[{"embeddable":true,"href":"https:\/\/muensteraner-kreis.de\/index.php?rest_route=%2Fwp%2Fv2%2Fcomments&post=285"}],"version-history":[{"count":5,"href":"https:\/\/muensteraner-kreis.de\/index.php?rest_route=\/wp\/v2\/pages\/285\/revisions"}],"predecessor-version":[{"id":306,"href":"https:\/\/muensteraner-kreis.de\/index.php?rest_route=\/wp\/v2\/pages\/285\/revisions\/306"}],"wp:attachment":[{"href":"https:\/\/muensteraner-kreis.de\/index.php?rest_route=%2Fwp%2Fv2%2Fmedia&parent=285"}],"curies":[{"name":"wp","href":"https:\/\/api.w.org\/{rel}","templated":true}]}}