{"id":255,"date":"2022-10-11T10:09:40","date_gmt":"2022-10-11T08:09:40","guid":{"rendered":"https:\/\/muensteraner-kreis.de\/?page_id=255"},"modified":"2022-10-11T10:09:40","modified_gmt":"2022-10-11T08:09:40","slug":"muensteraner-memorandum-integrative-medizin","status":"publish","type":"page","link":"https:\/\/muensteraner-kreis.de\/?page_id=255","title":{"rendered":"M\u00fcnsteraner Memorandum &#8222;Integrative Medizin&#8220;"},"content":{"rendered":"\n<p>Autoren: Edzard Ernst, Hans-Georg Hofer, Claudia Nowack<\/p>\n\n\n\n<p>Oktober 2022<\/p>\n\n\n\n<h3 class=\"wp-block-heading\">Einf\u00fchrung<\/h3>\n\n\n\n<p>Die Zusammenf\u00fchrung von Alternativmedizin und konventioneller Heilkunde wird seit den 1990er Jahren zunehmend als Integrative Medizin (IM) bezeichnet und hat andere Termini dieses Bereichs weitgehend abgel\u00f6st. Heute ist IM in Deutschland auf allen Ebenen vertreten.&nbsp;<\/p>\n\n\n\n<p>Die IM wird oft mit der These von dem \u201aBesten beider Welten\u2018 charakterisiert. Eine allgemein anerkannte Definition der IM existiert jedoch nicht. G\u00e4ngige Beschreibungen der IM betonen:&nbsp;<\/p>\n\n\n\n<ul class=\"wp-block-list\"><li>die Kombination von konventionellen und komplement\u00e4ren Verfahren,&nbsp;<\/li><li>die Ganzheitlichkeit im Verst\u00e4ndnis der Heilkunde,&nbsp;<\/li><li>die hohe Bedeutung der Arzt-Patienten Beziehung,&nbsp;<\/li><li>die Hoffnung auf einen optimalen Therapieerfolg,&nbsp;<\/li><li>die Fokussierung auf den Patienten,&nbsp;<\/li><li>den hohen Stellenwert des Erfahrungswissens.&nbsp;<\/li><\/ul>\n\n\n\n<p>Bei genauerem Hinsehen zeigen die Beschreibungen der IM zahlreiche Ungereimtheiten. Es wird z.B. von \u00e4rztlicher Medizin gesprochen, aber auch betont, dass alle relevanten Berufe einbezogen w\u00fcrden. Es wird die wissenschaftliche Evidenz hervorgehoben, aber gleichzeitig betont, dass IM selbst Behandlungsweisen wie die Hom\u00f6opathie inkludiere und lediglich durch Evidenz \u201ageleitet\u2018, also nicht wirklich evidenzbasiert sei. Es wird behauptet, IM sei \u201aerg\u00e4nzend zur wissenschaftlich begr\u00fcndeten Medizin\u2018 zu verstehen; dies impliziert jedoch, dass IM selbst nicht wissenschaftlich begr\u00fcndet ist.&nbsp;<\/p>\n\n\n\n<p>Die These vom \u201aBesten beider Welten\u2018 beeindruckt viele.&nbsp;Was jedoch unter dem \u201aBesten\u2018 zu verstehen ist, bleibt f\u00fcr IM unklar. Viele ihrer Anspr\u00fcche sind elementare Bestandteile&nbsp;<em>jeder<\/em>&nbsp;guten Medizin und k\u00f6nnen somit nicht zu ihren charakterisierenden Eigenschaften gez\u00e4hlt werden.&nbsp;Schlie\u00dflich ist kaum zu \u00fcbersehen, dass die Anh\u00e4nger von IM diese als Vorwand benutzen, um unbewiesene oder widerlegte Verfahren in die konventionelle Medizin einzubringen. Entgegen anderslautenden Versprechungen hat IM kein erkennbares Potential zur Verbesserung der Medizin. Sie stiftet vielmehr Verwirrung und bringt Gefahren mit sich.&nbsp;<\/p>\n\n\n\n<p>Vor diesem Hintergrund ist zu fordern, dass IM auf allen Ebenen kritisch hinterfragt wird.<\/p>\n\n\n\n<p><em>Das gesamte Memorandum gibt es hier als <a rel=\"noreferrer noopener\" href=\"http:\/\/muensteraner-kreis.de\/wp-content\/uploads\/2022\/10\/MK-Integrative-Medizin_Oktober-2022-final.pdf\" target=\"_blank\">pdf-Download<\/a>.<\/em><\/p>\n","protected":false},"excerpt":{"rendered":"<p>Autoren: Edzard Ernst, Hans-Georg Hofer, Claudia Nowack Oktober 2022 Einf\u00fchrung Die Zusammenf\u00fchrung von Alternativmedizin und konventioneller Heilkunde wird seit den 1990er Jahren zunehmend als Integrative Medizin (IM) bezeichnet und hat andere Termini dieses Bereichs weitgehend abgel\u00f6st. Heute ist IM in Deutschland auf allen Ebenen vertreten.&nbsp; Die IM wird oft mit der These von dem \u201aBesten [&hellip;]<\/p>\n","protected":false},"author":1,"featured_media":0,"parent":0,"menu_order":0,"comment_status":"closed","ping_status":"closed","template":"","meta":{"footnotes":"","_links_to":"","_links_to_target":""},"class_list":["post-255","page","type-page","status-publish","hentry"],"jetpack_sharing_enabled":true,"_links":{"self":[{"href":"https:\/\/muensteraner-kreis.de\/index.php?rest_route=\/wp\/v2\/pages\/255","targetHints":{"allow":["GET"]}}],"collection":[{"href":"https:\/\/muensteraner-kreis.de\/index.php?rest_route=\/wp\/v2\/pages"}],"about":[{"href":"https:\/\/muensteraner-kreis.de\/index.php?rest_route=\/wp\/v2\/types\/page"}],"author":[{"embeddable":true,"href":"https:\/\/muensteraner-kreis.de\/index.php?rest_route=\/wp\/v2\/users\/1"}],"replies":[{"embeddable":true,"href":"https:\/\/muensteraner-kreis.de\/index.php?rest_route=%2Fwp%2Fv2%2Fcomments&post=255"}],"version-history":[{"count":1,"href":"https:\/\/muensteraner-kreis.de\/index.php?rest_route=\/wp\/v2\/pages\/255\/revisions"}],"predecessor-version":[{"id":257,"href":"https:\/\/muensteraner-kreis.de\/index.php?rest_route=\/wp\/v2\/pages\/255\/revisions\/257"}],"wp:attachment":[{"href":"https:\/\/muensteraner-kreis.de\/index.php?rest_route=%2Fwp%2Fv2%2Fmedia&parent=255"}],"curies":[{"name":"wp","href":"https:\/\/api.w.org\/{rel}","templated":true}]}}