{"id":18,"date":"2020-04-25T17:30:27","date_gmt":"2020-04-25T15:30:27","guid":{"rendered":"http:\/\/muensteraner-kreis.de\/?page_id=18"},"modified":"2020-11-14T16:58:28","modified_gmt":"2020-11-14T15:58:28","slug":"impressum","status":"publish","type":"page","link":"https:\/\/muensteraner-kreis.de\/?page_id=18","title":{"rendered":"Impressum"},"content":{"rendered":"\n<p>Angaben gem\u00e4\u00df \u00a7 5 TMG<br><\/p>\n\n\n\n<h4 class=\"wp-block-heading\">Anschrift und Erreichbarkeit<br><\/h4>\n\n\n\n<p>M\u00fcnsteraner Kreis<br>c\/o Institut f\u00fcr Ethik, Geschichte und Theorie der Medizin<br>Universit\u00e4t M\u00fcnster<br>Von Esmarch-Str. 62<br>D-48149 M\u00fcnster<br>Telefon: 01577 6811061<br>E-Mail: christian.weymayr [at] web.de<br><\/p>\n\n\n\n<h4 class=\"wp-block-heading\">Inhaltlich verantwortlich gem. \u00a7 55 Abs. 2 RStV<br><\/h4>\n\n\n\n<p>Dr. Christian Weymayr<br>c\/o Institut f\u00fcr Ethik, Geschichte und Theorie der Medizin<br>Universit\u00e4t M\u00fcnster<br>Von Esmarch-Str. 62<br>D-48149 M\u00fcnster<br>Telefon: 01577 6811061<br>E-Mail: christian.weymayr [at] web.de<\/p>\n","protected":false},"excerpt":{"rendered":"<p>Angaben gem\u00e4\u00df \u00a7 5 TMG Anschrift und Erreichbarkeit M\u00fcnsteraner Kreisc\/o Institut f\u00fcr Ethik, Geschichte und Theorie der MedizinUniversit\u00e4t M\u00fcnsterVon Esmarch-Str. 62D-48149 M\u00fcnsterTelefon: 01577 6811061E-Mail: christian.weymayr [at] web.de Inhaltlich verantwortlich gem. \u00a7 55 Abs. 2 RStV Dr. Christian Weymayrc\/o Institut f\u00fcr Ethik, Geschichte und Theorie der MedizinUniversit\u00e4t M\u00fcnsterVon Esmarch-Str. 62D-48149 M\u00fcnsterTelefon: 01577 6811061E-Mail: christian.weymayr [at] web.de<\/p>\n","protected":false},"author":1,"featured_media":0,"parent":0,"menu_order":0,"comment_status":"closed","ping_status":"closed","template":"","meta":{"footnotes":"","_links_to":"","_links_to_target":""},"class_list":["post-18","page","type-page","status-publish","hentry"],"jetpack_sharing_enabled":true,"_links":{"self":[{"href":"https:\/\/muensteraner-kreis.de\/index.php?rest_route=\/wp\/v2\/pages\/18","targetHints":{"allow":["GET"]}}],"collection":[{"href":"https:\/\/muensteraner-kreis.de\/index.php?rest_route=\/wp\/v2\/pages"}],"about":[{"href":"https:\/\/muensteraner-kreis.de\/index.php?rest_route=\/wp\/v2\/types\/page"}],"author":[{"embeddable":true,"href":"https:\/\/muensteraner-kreis.de\/index.php?rest_route=\/wp\/v2\/users\/1"}],"replies":[{"embeddable":true,"href":"https:\/\/muensteraner-kreis.de\/index.php?rest_route=%2Fwp%2Fv2%2Fcomments&post=18"}],"version-history":[{"count":3,"href":"https:\/\/muensteraner-kreis.de\/index.php?rest_route=\/wp\/v2\/pages\/18\/revisions"}],"predecessor-version":[{"id":148,"href":"https:\/\/muensteraner-kreis.de\/index.php?rest_route=\/wp\/v2\/pages\/18\/revisions\/148"}],"wp:attachment":[{"href":"https:\/\/muensteraner-kreis.de\/index.php?rest_route=%2Fwp%2Fv2%2Fmedia&parent=18"}],"curies":[{"name":"wp","href":"https:\/\/api.w.org\/{rel}","templated":true}]}}