{"id":17,"date":"2020-04-25T17:30:27","date_gmt":"2020-04-25T15:30:27","guid":{"rendered":"http:\/\/muensteraner-kreis.de\/?page_id=17"},"modified":"2020-04-25T18:51:13","modified_gmt":"2020-04-25T16:51:13","slug":"datenschutz","status":"publish","type":"page","link":"https:\/\/muensteraner-kreis.de\/?page_id=17","title":{"rendered":"Datenschutzerkl\u00e4rung"},"content":{"rendered":"\n<p>Dem M\u00fcnsteraner Kreis ist es ein Anliegen, die pers\u00f6nlichen Daten der Nutzer der Internetseite und der Unterst\u00fctzer bestm\u00f6glich zu sch\u00fctzen.<\/p>\n\n\n\n<p><strong>1. Erhebung personenbezogener Daten<\/strong><br><br>Die Nutzung der Internetseite des M\u00fcnsteraner Kreises ist in der Regel ohne Angaben pers\u00f6nlicher Daten m\u00f6glich. Einzig zur Aufnahme in die Liste der Unterst\u00fctzer ist die \u00dcbermittlung personenbezogener Daten erforderlich. Die Erhebung dieser Daten erfolgt, soweit m\u00f6glich, stets auf freiwilliger Basis.<br><br>Um in die Liste der Unterst\u00fctzer aufgenommen werden zu k\u00f6nnen, muss der Nutzer aktiv mit dem M\u00fcnsteraner Kreis in Kontakt treten.<br><br>Bei Einzelpersonen sind folgende Daten zwingend erforderlich, um in die Liste der Unterst\u00fctzer aufgenommen zu werden:<\/p>\n\n\n\n<ul class=\"wp-block-list\"><li>E-Mail-Adresse<\/li><li>Vorname<\/li><li>Nachname<\/li><\/ul>\n\n\n\n<p>Weitere Angaben sind freiwillig. Auf der auf der Internetseite ver\u00f6ffentlichten Liste der Unterst\u00fctzer kann auf ausdr\u00fccklichen Wunsch der Wohnort der nat\u00fcrlichen Person hinzugef\u00fcgt werden. Die Eintragung in die Liste der Unterst\u00fctzer unter einem Pseudonym ist nicht m\u00f6glich.<br><br>Bei Institutionen sind folgende Daten zwingend erforderlich, um in die Liste der Unterst\u00fctzer aufgenommen werden:<\/p>\n\n\n\n<ul class=\"wp-block-list\"><li>Bezeichnung der Institution<\/li><li>Sitz der Institution<\/li><li>E-Mail-Adresse<\/li><\/ul>\n\n\n\n<p>Weitere Angaben sind freiwillig. Eine Eintragung in die Liste der Unterst\u00fctzer unter einem Pseudonym ist auch bei Institutionen nicht m\u00f6glich.<br><br>Die Liste der Unterst\u00fctzer ist \u00f6ffentlich zug\u00e4nglich und wird auf der Seite http:\/\/www.muensteraner-kreis.de\/unterstuetzer.html gef\u00fchrt.<br>\u00d6ffentlich angezeigt werden:<\/p>\n\n\n\n<ul class=\"wp-block-list\"><li>Vor- und Nachname des Unterst\u00fctzers (Einzelperson)<\/li><li>Bei Wunsch der Wohnort einer Einzelperson<\/li><li>Bezeichnung der Institution<\/li><li>Sitz der Institution<\/li><\/ul>\n\n\n\n<p>Die E-Mail-Adressen werden nicht \u00f6ffentlich zug\u00e4nglich gemacht.<\/p>\n\n\n\n<p><strong>2. Nutzung und Weitergabe personenbezogener Daten<\/strong><br><strong><br><\/strong>Die erhobenen Daten werden in einer Datenbank gespeichert und dienen als Dokumentation f\u00fcr den Wunsch der Einzelperson bzw. der Institution in der Liste der Unterst\u00fctzer auf der Internetseite des M\u00fcnsteraner Kreises gef\u00fchrt zu werden. Die gespeicherten E-Mail-Adressen werden gegebenenfalls dazu verwendet, mit dem Interessenten seitens des M\u00fcnsteraner Kreises Kontakt aufzunehmen, sofern erforderlich.<br><br>Die so erhobenen personenbezogenen Daten werden nicht ohne ausdr\u00fcckliches Einverst\u00e4ndnis an Dritte weitergegeben.<\/p>\n\n\n\n<p><strong>3. Auskunftsrecht<\/strong><br><br>Wenn Sie eine \u00dcbersicht \u00fcber die beim M\u00fcnsteraner Kreis von Ihnen erhobenen pers\u00f6nlichen Daten w\u00fcnschen, senden Sie bitte eine schriftliche Anfrage an:<br><br>M\u00fcnsteraner Kreis<br>c\/o Institut f\u00fcr Ethik, Geschichte und Theorie der Medizin<br>Universit\u00e4t M\u00fcnster<br>Von-Esmarch-Str. 62<br>D-48149 M\u00fcnster<br><br>Alle weiteren Fragen k\u00f6nnen Sie entweder<\/p>\n\n\n\n<ul class=\"wp-block-list\"><li>an die obige Adresse oder<\/li><li>an die E-Mail-Adresse info [at] muensteraner-kreis.de richten.<\/li><\/ul>\n\n\n\n<p><strong>4. Sicherheitshinweis<\/strong><br><br>Wir weisen darauf hin, dass die Daten\u00fcbertragung im Internet, insbesondere bei der Kommunikation per E-Mail, Sicherheitsl\u00fccken aufweisen kann. Trotz gr\u00f6\u00dftm\u00f6glicher Sorgfalt ist ein l\u00fcckenloser Schutz der Daten vor Zugriffen Dritter nicht m\u00f6glich.<\/p>\n\n\n\n<p><strong>5. L\u00f6schung<\/strong><br><br>Wenn Sie eine L\u00f6schung aus der \u00f6ffentlich zug\u00e4nglichen Liste der Unterst\u00fctzer w\u00fcnschen, senden Sie bitte eine E-Mail an: unterstuetzer [at] muensteraner-kreis.de, mit dem Betreff L\u00f6schung.<br><br>Wenn Sie dar\u00fcber hinaus eine L\u00f6schung aller beim M\u00fcnsteraner Kreis hinterlegten Daten w\u00fcnschen, senden Sie bitte eine schriftliche Anfrage an:<br><br>M\u00fcnsteraner Kreis<br>c\/o Institut f\u00fcr Ethik, Geschichte und Theorie der Medizin<br>Universit\u00e4t M\u00fcnster<br>Von-Esmarch-Str. 62<br>D-48149 M\u00fcnster<br><br>Wir werden die L\u00f6schung der Daten sodann unverz\u00fcglich unter Ber\u00fccksichtigung etwaiger gesetzlicher Aufbewahrungspflichten vornehmen und Sie dar\u00fcber informieren.<\/p>\n","protected":false},"excerpt":{"rendered":"<p>Dem M\u00fcnsteraner Kreis ist es ein Anliegen, die pers\u00f6nlichen Daten der Nutzer der Internetseite und der Unterst\u00fctzer bestm\u00f6glich zu sch\u00fctzen. 1. Erhebung personenbezogener Daten Die Nutzung der Internetseite des M\u00fcnsteraner Kreises ist in der Regel ohne Angaben pers\u00f6nlicher Daten m\u00f6glich. Einzig zur Aufnahme in die Liste der Unterst\u00fctzer ist die \u00dcbermittlung personenbezogener Daten erforderlich. Die [&hellip;]<\/p>\n","protected":false},"author":1,"featured_media":0,"parent":0,"menu_order":0,"comment_status":"closed","ping_status":"closed","template":"","meta":{"footnotes":"","_links_to":"","_links_to_target":""},"class_list":["post-17","page","type-page","status-publish","hentry"],"jetpack_sharing_enabled":true,"_links":{"self":[{"href":"https:\/\/muensteraner-kreis.de\/index.php?rest_route=\/wp\/v2\/pages\/17","targetHints":{"allow":["GET"]}}],"collection":[{"href":"https:\/\/muensteraner-kreis.de\/index.php?rest_route=\/wp\/v2\/pages"}],"about":[{"href":"https:\/\/muensteraner-kreis.de\/index.php?rest_route=\/wp\/v2\/types\/page"}],"author":[{"embeddable":true,"href":"https:\/\/muensteraner-kreis.de\/index.php?rest_route=\/wp\/v2\/users\/1"}],"replies":[{"embeddable":true,"href":"https:\/\/muensteraner-kreis.de\/index.php?rest_route=%2Fwp%2Fv2%2Fcomments&post=17"}],"version-history":[{"count":3,"href":"https:\/\/muensteraner-kreis.de\/index.php?rest_route=\/wp\/v2\/pages\/17\/revisions"}],"predecessor-version":[{"id":87,"href":"https:\/\/muensteraner-kreis.de\/index.php?rest_route=\/wp\/v2\/pages\/17\/revisions\/87"}],"wp:attachment":[{"href":"https:\/\/muensteraner-kreis.de\/index.php?rest_route=%2Fwp%2Fv2%2Fmedia&parent=17"}],"curies":[{"name":"wp","href":"https:\/\/api.w.org\/{rel}","templated":true}]}}