{"id":16,"date":"2020-04-25T17:30:27","date_gmt":"2020-04-25T15:30:27","guid":{"rendered":"http:\/\/muensteraner-kreis.de\/?page_id=16"},"modified":"2021-02-22T09:37:26","modified_gmt":"2021-02-22T08:37:26","slug":"presse","status":"publish","type":"page","link":"https:\/\/muensteraner-kreis.de\/?page_id=16","title":{"rendered":"Presse"},"content":{"rendered":"\n<h4 class=\"wp-block-heading\">Ihre Ansprechpartner<br><\/h4>\n\n\n\n<ul class=\"wp-block-list\"><li>Dr. Christian Weymayr, freier Wissenschafts\u2010 und Medizinjournalist, Herne: 01577 6811061, christian.weymayr [at] web.de<\/li><li>Prof. Dr. Bettina Sch\u00f6ne\u2010Seifert, Lehrstuhl f\u00fcr Ethik der Medizin, Universit\u00e4t M\u00fcnster: 0251 8355298, bseifert [at] uni-muenster.de<\/li><\/ul>\n\n\n\n<p>sowie:<\/p>\n\n\n\n<ul class=\"wp-block-list\"><li>Prof. Dr. Norbert Schmacke, Versorgungsforschung, Institut f\u00fcr Public Health und Pflegeforschung, Universit\u00e4t Bremen: 01520 8987285, norbert.schmacke [at] gmail.com<\/li><\/ul>\n","protected":false},"excerpt":{"rendered":"<p>Ihre Ansprechpartner Dr. Christian Weymayr, freier Wissenschafts\u2010 und Medizinjournalist, Herne: 01577 6811061, christian.weymayr [at] web.de Prof. Dr. Bettina Sch\u00f6ne\u2010Seifert, Lehrstuhl f\u00fcr Ethik der Medizin, Universit\u00e4t M\u00fcnster: 0251 8355298, bseifert [at] uni-muenster.de sowie: Prof. Dr. Norbert Schmacke, Versorgungsforschung, Institut f\u00fcr Public Health und Pflegeforschung, Universit\u00e4t Bremen: 01520 8987285, norbert.schmacke [at] gmail.com<\/p>\n","protected":false},"author":1,"featured_media":0,"parent":0,"menu_order":0,"comment_status":"closed","ping_status":"closed","template":"","meta":{"footnotes":"","_links_to":"","_links_to_target":""},"class_list":["post-16","page","type-page","status-publish","hentry"],"jetpack_sharing_enabled":true,"_links":{"self":[{"href":"https:\/\/muensteraner-kreis.de\/index.php?rest_route=\/wp\/v2\/pages\/16","targetHints":{"allow":["GET"]}}],"collection":[{"href":"https:\/\/muensteraner-kreis.de\/index.php?rest_route=\/wp\/v2\/pages"}],"about":[{"href":"https:\/\/muensteraner-kreis.de\/index.php?rest_route=\/wp\/v2\/types\/page"}],"author":[{"embeddable":true,"href":"https:\/\/muensteraner-kreis.de\/index.php?rest_route=\/wp\/v2\/users\/1"}],"replies":[{"embeddable":true,"href":"https:\/\/muensteraner-kreis.de\/index.php?rest_route=%2Fwp%2Fv2%2Fcomments&post=16"}],"version-history":[{"count":3,"href":"https:\/\/muensteraner-kreis.de\/index.php?rest_route=\/wp\/v2\/pages\/16\/revisions"}],"predecessor-version":[{"id":150,"href":"https:\/\/muensteraner-kreis.de\/index.php?rest_route=\/wp\/v2\/pages\/16\/revisions\/150"}],"wp:attachment":[{"href":"https:\/\/muensteraner-kreis.de\/index.php?rest_route=%2Fwp%2Fv2%2Fmedia&parent=16"}],"curies":[{"name":"wp","href":"https:\/\/api.w.org\/{rel}","templated":true}]}}