{"id":15,"date":"2020-04-25T17:30:27","date_gmt":"2020-04-25T15:30:27","guid":{"rendered":"http:\/\/muensteraner-kreis.de\/?page_id=15"},"modified":"2024-01-24T15:52:57","modified_gmt":"2024-01-24T14:52:57","slug":"unterstuetzer","status":"publish","type":"page","link":"https:\/\/muensteraner-kreis.de\/?page_id=15","title":{"rendered":"Unterst\u00fctzende"},"content":{"rendered":"\n<p>Der M\u00fcnsteraner Kreis ruft Institutionen und Einzelpersonen auf, sich dem Memorandum als Unterst\u00fctzende anzuschlie\u00dfen. Bitte senden Sie hierzu eine Mail an christian.weymayr [at] web.de. In der Liste werden Einzelpersonen mit Vor- und Zunamen und Institutionen mit der Bezeichnung der Institution und dem Sitz der Institution gef\u00fchrt. Diese Angaben sind Mindestangaben, um in die Liste der Unterst\u00fctzenden aufgenommen zu werden. Weitere Einzelheiten entnehmen Sie bitte der <a rel=\"noreferrer noopener\" href=\"http:\/\/muensteraner-kreis.de\/?page_id=17\" target=\"_blank\">Datenschutzerkl\u00e4rung<\/a>.<br><br>Der M\u00fcnsteraner Kreis beh\u00e4lt es sich ausdr\u00fccklich vor, Eintragungsgesuchen in die Unterst\u00fctzerliste ohne Angaben von Gr\u00fcnden nicht nachzukommen bzw. Unterst\u00fctzer aus der Liste zu entfernen.<br><\/p>\n\n\n\n<h4 class=\"wp-block-heading\">Institutionen<br><\/h4>\n\n\n\n<ul class=\"wp-block-list\">\n<li>GWUP e.V. (Gesellschaft zur wissenschaftlichen Untersuchung von Parawissenschaften), Ro\u00dfdorf<\/li>\n\n\n\n<li>Deutscher Konsumentenbund e.V., Kassel<\/li>\n\n\n\n<li>Partei der Humanisten, Berlin<\/li>\n\n\n\n<li>Wissenschaftsrat der GWUP e.V., Ro\u00dfdorf<\/li>\n\n\n\n<li>Giordano-Bruno-Stiftung, Oberwesel<\/li>\n\n\n\n<li>Deutsches Netzwerk Evidenzbasierte Medizin e.V. (DNEbM), Berlin<\/li>\n<\/ul>\n\n\n\n<h4 class=\"wp-block-heading\">Einzelpersonen<br><\/h4>\n\n\n\n<ul class=\"wp-block-list\">\n<li>Marc Ahrens, D\u00fcsseldorf<\/li>\n\n\n\n<li>Dr. Wolfgang Albrecht<\/li>\n\n\n\n<li>Dr. med. Axel Althen, Facharzt f\u00fcr Allgemeinmedizin, Hainburg<\/li>\n\n\n\n<li>Prof. Dr. Matthias Amen, Spenge<\/li>\n\n\n\n<li>Angela Andersen, Berlin<\/li>\n\n\n\n<li>Wolfgang Arndt, Mannheim<\/li>\n\n\n\n<li>Susanne Aust, Schopfheim<\/li>\n\n\n\n<li>Dipl.-Med. Franca Balzer, Potsdam<\/li>\n\n\n\n<li>Ute Bartholom\u00e4us, Fach\u00e4rztin f\u00fcr Innere Medizin, Senden<\/li>\n\n\n\n<li>Dr. rer. nat. Andreas Beck, Berlin<\/li>\n\n\n\n<li>Julian Beier, Mannheim<\/li>\n\n\n\n<li>Prof. Dr. Oliver Bendel, Z\u00fcrich<\/li>\n\n\n\n<li>Mark Benecke<\/li>\n\n\n\n<li>Volker Benedikt, Villingen<\/li>\n\n\n\n<li>Dr. Andreas Benn, Ex-Heilpraktiker, Saarbr\u00fccken<\/li>\n\n\n\n<li>Hannelore Berg, Neuenrade<\/li>\n\n\n\n<li>Prof. Dr. Dr. Ulrich Berger, Wien<\/li>\n\n\n\n<li>Dr.med. Waldemar-Leon Bergmann, Sinn-Hessen<\/li>\n\n\n\n<li>Christina Bernitzki, Hamburg<\/li>\n\n\n\n<li>Andrea von Bethmann, Frankfurt am Main<\/li>\n\n\n\n<li>Christoph Bier, Saarbr\u00fccken&nbsp;<\/li>\n\n\n\n<li>Dr. med. Christoph Bleh, Erlangen<\/li>\n\n\n\n<li>Dr. rer. nat. Jochen Blom, Gie\u00dfen<\/li>\n\n\n\n<li>Miklas B\u00f6hmer, M\u00fcnster<\/li>\n\n\n\n<li>Helmut H. Bonn, Facharzt f\u00fcr Allgemeinmedizin, Berlin<\/li>\n\n\n\n<li>Elmar Borsdorff, Neuruppin<\/li>\n\n\n\n<li>Thomas Brass, Saarbr\u00fccken<\/li>\n\n\n\n<li>Dr. Werner Ek Braunsdorf, Magdeburg<\/li>\n\n\n\n<li>Sabine Breiholz, Berlin<\/li>\n\n\n\n<li>Dr. Andreas Bre\u00df<\/li>\n\n\n\n<li>Dr. Thilo Brinkmann, Homberg&nbsp;<\/li>\n\n\n\n<li>Dr. Christian Brunner, HNO-Facharzt, Wadern<\/li>\n\n\n\n<li>Dr. Ralf Bubeck, Konstanz<\/li>\n\n\n\n<li>Marc B\u00fcsing, Dipl.-Wirtsch.-Ing. (FH) M.Sc. M.B.A., Barmstedt<\/li>\n\n\n\n<li>Dr. Marcel Caria, Berlin<\/li>\n\n\n\n<li>Florian Chefai, Trier<\/li>\n\n\n\n<li>Eva Creutz, K\u00f6ln<\/li>\n\n\n\n<li>Angelika Csenteri, Quickborn<\/li>\n\n\n\n<li>Jana Czernutzky<\/li>\n\n\n\n<li>Susanne Daum<\/li>\n\n\n\n<li>Oliver Debus, Bad Homburg<\/li>\n\n\n\n<li>Dr. med. R. Dedekind, K\u00f6ln<\/li>\n\n\n\n<li>Markus Dehning, Dipl-Kfm. (FH), Hannover<\/li>\n\n\n\n<li>Oliver Demmert, D\u00fcsseldorf<\/li>\n\n\n\n<li>Dr. Thomas Dewitz<\/li>\n\n\n\n<li>Dr. Gabriele Diebel<\/li>\n\n\n\n<li>Klaus Diebel<\/li>\n\n\n\n<li>Dr.&nbsp;med.&nbsp;Christina&nbsp;Dietz, F\u00fcrstenzell<\/li>\n\n\n\n<li>Matthias D\u00f6cke<\/li>\n\n\n\n<li>Vojt\u011bch Dole\u017eel, Roetgen<\/li>\n\n\n\n<li>Dr. Yann Ducommun, M\u00fcnchen<\/li>\n\n\n\n<li>Markus Ehrmann, Bretten<\/li>\n\n\n\n<li>Heiner Endemann, K\u00f6ln<\/li>\n\n\n\n<li>Udo Endruscheit, Essen<\/li>\n\n\n\n<li>Dr. Martin Fedder, Krefeld<\/li>\n\n\n\n<li>Dr. Michael Fieseler, Brilon<\/li>\n\n\n\n<li>Helmut Fink, N\u00fcrnberg<\/li>\n\n\n\n<li>Michael Fischer, Augsburg<\/li>\n\n\n\n<li>Dr. Bert Flemming, Berlin<\/li>\n\n\n\n<li>Bettina Frank, Kiel<\/li>\n\n\n\n<li>Yvonne Fritz, Meiningen<\/li>\n\n\n\n<li>Dr. med. Klaus Frommhold, Coesfeld<\/li>\n\n\n\n<li>Antje Fuchs, M\u00fcnchen<\/li>\n\n\n\n<li>Dr. Thorsten Galert, Berlin<\/li>\n\n\n\n<li>Dipl.-Psychologe PP R\u00fcdiger Gaub, Essen<\/li>\n\n\n\n<li>Prof. Dr. Frank Gaunitz, Leipzig<\/li>\n\n\n\n<li>Simon Gausebeck, Diplom-Chemiker, Nottuln<\/li>\n\n\n\n<li>Dr. Frauke Gehring, Arnsberg<\/li>\n\n\n\n<li>Dr.med. Erwin Ging, F\u00fcrstenstein<\/li>\n\n\n\n<li>Dr. med. Sven Goddon, Erlangen<\/li>\n\n\n\n<li>Reinhild Godehart<\/li>\n\n\n\n<li>Bettina Gosau, Sch\u00fclp b. Nortorf<\/li>\n\n\n\n<li>Dr. Andreas Gradert, Wien<\/li>\n\n\n\n<li>Ralf Gravemeier, Marl<\/li>\n\n\n\n<li>Dr. med. Horst Grill, Allgemeinmediziner, Ludwigshafen<\/li>\n\n\n\n<li>Dr. med. Barbara Gro\u00df,&nbsp;M\u00fcnster<\/li>\n\n\n\n<li>Dr. Britta von Gruchalla, M\u00fcnchen<\/li>\n\n\n\n<li>Mario Grunert, Leipzig<\/li>\n\n\n\n<li>Johannes G\u00fcntert, Sulzburg-Laufen<\/li>\n\n\n\n<li>Dr. med. Roland Guttenberger, F\u00fcrth<\/li>\n\n\n\n<li>Sabine Hallmich-Kober, Hilden<\/li>\n\n\n\n<li>Prof. Dr. med. Thomas H\u00e4nscheid<\/li>\n\n\n\n<li>Dipl. Inform. Christian Harms, Hamburg<\/li>\n\n\n\n<li>Chris Hawel, Berlin<\/li>\n\n\n\n<li>Alexander Heidgen, Heuchelheim<\/li>\n\n\n\n<li>Dirken Heinen<\/li>\n\n\n\n<li>Pascal Heischreiber, Merzig (Saar)<\/li>\n\n\n\n<li>Klemens Heller, Erfurt<\/li>\n\n\n\n<li>Dr. med. Martin-Christoph Henes, B\u00fcdingen<\/li>\n\n\n\n<li>Prof. Dr. med. Wolfram Henn, Homburg\/Saar<\/li>\n\n\n\n<li>Elke Hergenr\u00f6ther, Hollfeld<\/li>\n\n\n\n<li>Hans Dieter Herget, Schotten<\/li>\n\n\n\n<li>Dr. med. J\u00fcrgen Hinrichs<\/li>\n\n\n\n<li>Claudia Hoffmann, K\u00f6ln<\/li>\n\n\n\n<li>Dominik Hofmann, G\u00f6ttingen<\/li>\n\n\n\n<li>August Hollstein<\/li>\n\n\n\n<li>Hans Ajiet Holtkamp, Br\u00fcggen<\/li>\n\n\n\n<li>Dr. Astrid Holz-Bremer, Petersberg<\/li>\n\n\n\n<li>Dr. Adrien Holzgreve, M\u00fcnchen<\/li>\n\n\n\n<li>Dr. med. Bernd Hontschik<\/li>\n\n\n\n<li>Dipl.-Phys. Martin H\u00fclk, Vaterstetten<\/li>\n\n\n\n<li>Thomas H\u00fclseberg, Oyten<\/li>\n\n\n\n<li>Dr. Holm Gero H\u00fcmmler, Bad Homburg<\/li>\n\n\n\n<li>Julian Husmann, M\u00fcnster<\/li>\n\n\n\n<li>Franz Immerz, Augsburg<\/li>\n\n\n\n<li>Michael Jachan<\/li>\n\n\n\n<li>Dr. med. Swen H. Jacki, T\u00fcbingen<\/li>\n\n\n\n<li>Dr. Judith Jeske, Neurologin und Neurochirurgin<\/li>\n\n\n\n<li>Annette Jost, Bad Vilbel<\/li>\n\n\n\n<li>Claudia Kamp, M\u00fcnster<\/li>\n\n\n\n<li>Professor Dr. med. Thomas Kamradt, Jena<\/li>\n\n\n\n<li>Dr. Franz Kass, Willich<\/li>\n\n\n\n<li>Klaus-Dieter Keller, Hermaringen<\/li>\n\n\n\n<li>Sabine Kemper, Unna<\/li>\n\n\n\n<li>Sven Kentrup, M\u00fcnster<\/li>\n\n\n\n<li>Dr. med. Henrike Kinader-Dietz<\/li>\n\n\n\n<li>Dr. Stefan Kintrup, D\u00fclmen<\/li>\n\n\n\n<li>Stefan Kirsch, Erlangen<\/li>\n\n\n\n<li>Dr. med Michael Kiworr, Mannheim<\/li>\n\n\n\n<li>Lukas Klander<\/li>\n\n\n\n<li>Prof. Dr. med. Roderich Klose, Ludwigshafen\/Rhein<\/li>\n\n\n\n<li>Julia Kober<\/li>\n\n\n\n<li>Dipl.-Med. Jens-Uwe K\u00f6hler<\/li>\n\n\n\n<li>Theresa Korsch, Kiel<\/li>\n\n\n\n<li>Dr. med. Susanna Kramarz, Wust-Fischbeck<\/li>\n\n\n\n<li>Dr. Susanne Kretschmann,&nbsp;Bretten<\/li>\n\n\n\n<li>Dr. Benno Kretzschmar, Eisenach<\/li>\n\n\n\n<li>Monika Kreusel, K\u00f6ln<\/li>\n\n\n\n<li>Markus Kreuzheck, K\u00f6ln<\/li>\n\n\n\n<li>Dr. med. univ. Tobias Krieger, Aachen<\/li>\n\n\n\n<li>Daniel Kroemer<\/li>\n\n\n\n<li>PD Dr. med. Carsten J. Krones, Aachen<\/li>\n\n\n\n<li>Dr. med. Gabriele Kruchen-Scheer, M\u00fcnchen<\/li>\n\n\n\n<li>Prof .Dr. Per Krueger, M\u00fcnchen<\/li>\n\n\n\n<li>Dr. med. Dr. med. univ. Wolfgang Kr\u00fcll, Wegberg<\/li>\n\n\n\n<li>R\u00fcdiger Kuhnke, M\u00fcnchen<\/li>\n\n\n\n<li>Christoph J. G. Lang, Erlangen<\/li>\n\n\n\n<li>Prof. Dr. Matthias Lehr, Apotheker und Lebensmittelchemiker, M\u00fcnster<\/li>\n\n\n\n<li>Dr. med. Christian Leistner, Facharzt f\u00fcr Innere Medizin, Notfallmedizin, Wiesbaden<\/li>\n\n\n\n<li>Harald Lieder<\/li>\n\n\n\n<li>Prof. Dr. Peter L\u00f6bbecke, Aschersleben<\/li>\n\n\n\n<li>Dr. med. Klaus L\u00f6blein, M\u00fcnchen<\/li>\n\n\n\n<li>Prof. Dr. Ansgar W. Lohse, Hamburg<\/li>\n\n\n\n<li>Dr. Sandra Loohs, Dipl. &#8211; Psych., PP und Forensische Sachverst\u00e4ndige, M\u00fcnchen<\/li>\n\n\n\n<li>Mark Lorenz<\/li>\n\n\n\n<li>J\u00f6rg Lorenz, Berlin<\/li>\n\n\n\n<li>Dr. med. Henrik Lorenz, Rostock<\/li>\n\n\n\n<li>Dr. med. Christian W. L\u00fcbbers, Weilheim i. OB<\/li>\n\n\n\n<li>Dr. med. Eva Lutz, Ubstadt-Weiher<\/li>\n\n\n\n<li>Prof. Dr. Holger Lyre, Magdeburg<\/li>\n\n\n\n<li>Michael Maas<\/li>\n\n\n\n<li>Georg Mackowiak, Recklinghausen<\/li>\n\n\n\n<li>Adolf Markl, Forchheim\/BY<\/li>\n\n\n\n<li>Claudia Mattissek, Fritzens, \u00d6sterreich<\/li>\n\n\n\n<li>Sabine Maur, Mainz<\/li>\n\n\n\n<li>Andreas Mause<\/li>\n\n\n\n<li>Marieluise Meier, Passau<\/li>\n\n\n\n<li>Dr. Charlotte Meinhard, Wildau<\/li>\n\n\n\n<li>Anne Caroline Merkert, Dillingen an der Donau<\/li>\n\n\n\n<li>Meike Mertens<\/li>\n\n\n\n<li>Dipl. VerwW (FH) Martin Meschkat, Leipzig<\/li>\n\n\n\n<li>Dr. Hannes Michalek<\/li>\n\n\n\n<li>David M\u00f6ller, Dresden<\/li>\n\n\n\n<li>Caroline und Stefan M\u00fcller, Emmendingen<\/li>\n\n\n\n<li>PD Dr. phil. Dipl.-Phys. Sabine M\u00fcller, Berlin<\/li>\n\n\n\n<li>Andrea M\u00fcller-Mann, Steinenbronn<\/li>\n\n\n\n<li>Hartmut Nagel, Hamm<\/li>\n\n\n\n<li>Dr. Gabriele Oefner, Baunatal<\/li>\n\n\n\n<li>MA pol Dragan Pavlovic, Nidda<\/li>\n\n\n\n<li>Dipl. Phys. Hans Pfeufer, Berlin<\/li>\n\n\n\n<li>Dipl. med. Ana Steindorff Pinheiro<\/li>\n\n\n\n<li>J\u00fcrgen Plank, Freising<\/li>\n\n\n\n<li>Julia Quast, Norderstedt<\/li>\n\n\n\n<li>Prof. Dr. Boris Radeleff, Hof<\/li>\n\n\n\n<li>Andreas Rapp, Sersheim<\/li>\n\n\n\n<li>Dominik Rapp<\/li>\n\n\n\n<li>Dr. med. Benedikt Rath<\/li>\n\n\n\n<li>Justus Rauno, Bad Bevensen<\/li>\n\n\n\n<li>Dr. med. Christof Rehbein, Aschaffenburg<\/li>\n\n\n\n<li>Dr. med. Meike Rehfeldt<\/li>\n\n\n\n<li>Karsten Reincke, Berlin<\/li>\n\n\n\n<li>Verona Rensing, M\u00fcnster<\/li>\n\n\n\n<li>Volker H. Richter<\/li>\n\n\n\n<li>Dr. Nico Riffel, Seligenstadt<\/li>\n\n\n\n<li>Thomas Rindt, S\u00fcpplingen<\/li>\n\n\n\n<li>Burkhard Rittinghaus<\/li>\n\n\n\n<li>Dr. Corinna Robbers<\/li>\n\n\n\n<li>Dr. Rainer Rosenzweig, F\u00fcrth<\/li>\n\n\n\n<li>Dr. med. Friedemann Ru\u00df, Karlsruhe<\/li>\n\n\n\n<li>Amardeo Sarma, Ro\u00dfdorf<\/li>\n\n\n\n<li>Stefan Schadt, K\u00f6ln<\/li>\n\n\n\n<li>Tobi Sch\u00e4fer, Wien<\/li>\n\n\n\n<li>Stephan Schall, M\u00fcnchen<\/li>\n\n\n\n<li>Sebastian Schatz, Aurich<\/li>\n\n\n\n<li>Mattias Schlicht, Niedernhausen<\/li>\n\n\n\n<li>Ulrich Schmitz, Wendlingen<\/li>\n\n\n\n<li>Dr. Hans-Peter Scholl<\/li>\n\n\n\n<li>Michael Scholz, Kronach<\/li>\n\n\n\n<li>Dipl. Psych. D\u00f6rte Schubert, Kiel<\/li>\n\n\n\n<li>Marten Schulz, Essen<\/li>\n\n\n\n<li>Brigitte Schulze, Berlin<\/li>\n\n\n\n<li>Malte Schulze, Wolfsburg<\/li>\n\n\n\n<li>Philip Schunke<\/li>\n\n\n\n<li>Elvira Schwarz, Gangelt<\/li>\n\n\n\n<li>Dr. Georg Schwarzkopf, Pathologe, Freiburg<\/li>\n\n\n\n<li>Dr. med. Erdmann Seeliger, Berlin<\/li>\n\n\n\n<li>Prof. Dr. med. Egbert J. Seidel, Weimar<\/li>\n\n\n\n<li>Tobias Seyb<\/li>\n\n\n\n<li>Dr. Stefan Siebert, Homburg<\/li>\n\n\n\n<li>Dr. med. Thomas Sitte, Fulda<\/li>\n\n\n\n<li>PD Dr. med. Max Skorning, Essen<\/li>\n\n\n\n<li>Dr. Hanna Smoltczyk, T\u00fcbingen<\/li>\n\n\n\n<li>Anita Sommer, Frankfurt<\/li>\n\n\n\n<li>Dr. med. Christoph Specht, D\u00fcsseldorf<\/li>\n\n\n\n<li>Dr. Heinz Speckert, Mainz<\/li>\n\n\n\n<li>Dipl. phil. Christof Sperl<\/li>\n\n\n\n<li>Dr. med. Thomas Spindler, Wangen im Allg\u00e4u<\/li>\n\n\n\n<li>Dr. Peter Spork, Hamburg<\/li>\n\n\n\n<li>Dr. Boris Springer, Kerpen<\/li>\n\n\n\n<li>Dr. med. Theresa Stadler, M\u00fcnchen&nbsp;<\/li>\n\n\n\n<li>Sylvia Stang, Darmstadt<\/li>\n\n\n\n<li>Dr. Bernd Stange-Gr\u00fcneberg<\/li>\n\n\n\n<li>Kinderarzt Dr. Frank Stehle, Singen<\/li>\n\n\n\n<li>Dipl.-Psych. Ulrich&nbsp;Steinbrecher, Hamburg<\/li>\n\n\n\n<li>Michael Steinhauer, Gem\u00fcnden<\/li>\n\n\n\n<li>Dr. Ortrun Stenglein-Gr\u00f6schel, &nbsp;Coburg<\/li>\n\n\n\n<li>Dr. Robert St\u00f6hr, Facharzt f\u00fcr Chirurgie, An\u00e4sthesiologie, Notfallmedizin, Leipzig<\/li>\n\n\n\n<li>Frank Stroh, Dreieich<\/li>\n\n\n\n<li>Dr. med. Angela Strotk\u00f6tter-Neuh\u00f6fer,&nbsp; F\u00c4 f\u00fcr Innere Medizin, Haus\u00e4rztin, Meckenheim<\/li>\n\n\n\n<li>Dr. med. Bernd Stubert, Leipzig<\/li>\n\n\n\n<li>Prof. Dr. med. Dr. h.c. Christoph Student, Bad Krozingen<\/li>\n\n\n\n<li>Oliver Stumpf, Karlsruhe<\/li>\n\n\n\n<li>Michael Sturm, Giengen<\/li>\n\n\n\n<li>Dr. Eva Maria Tauber, Wangen im Allg\u00e4u<\/li>\n\n\n\n<li>Gabriele Theessen<\/li>\n\n\n\n<li>Torsten Thomas, L\u00fcdinghausen<\/li>\n\n\n\n<li>&nbsp;Dr. Holger Thomsen, Dresden<\/li>\n\n\n\n<li>Prof. Dr. Metin Tolan, Dortmund<\/li>\n\n\n\n<li>Cand. med. Tim Tr\u00e4ger<\/li>\n\n\n\n<li>Dr. Hans Trost, Burghausen<\/li>\n\n\n\n<li>Hans-H. Trutnau, Eltville<\/li>\n\n\n\n<li>Dr. med. Wolfgang Vahle, Paderborn<\/li>\n\n\n\n<li>Delia van den Bosch, Zahn\u00e4rztin, M\u00fcnster<\/li>\n\n\n\n<li>Dr. med. Anke van der Does, Aschaffenburg<\/li>\n\n\n\n<li>Bernhard Varnsk\u00fchler, Wilhelmshaven<\/li>\n\n\n\n<li>Mario Vogel, Schmallenberg-Bad Fredeburg<\/li>\n\n\n\n<li>Nikolaus Vogl, Bad Endorf<\/li>\n\n\n\n<li>Dipl. Chem. Christian Vollrath, Ravensburg<\/li>\n\n\n\n<li>Holger von Rybinski<\/li>\n\n\n\n<li>Dr. Rolf Wagels, Hannover<\/li>\n\n\n\n<li>Dr. Rudolf Waldmann, M\u00f6nchengladbach<\/li>\n\n\n\n<li>Daniel Walz<\/li>\n\n\n\n<li>Claudia Weber, Karlsruhe<\/li>\n\n\n\n<li>Holger Peter Weber, Ubstadt-Weiher&nbsp;<\/li>\n\n\n\n<li>Priv.-Doz. Dr. Tillmann Weber, Oppenweiler<\/li>\n\n\n\n<li>Dr. Susanne Weg-Remers, Heidelberg<\/li>\n\n\n\n<li>Dr. med. Thomas Friedrich Weigel, Wiesbaden<\/li>\n\n\n\n<li>Andreas Weimann, M\u00fcnchen<\/li>\n\n\n\n<li>Fanny Weinert<\/li>\n\n\n\n<li>Marc Weisener, Bensheim<\/li>\n\n\n\n<li>Dr. Viktor Weissh\u00e4upl, Facharzt f\u00fcr An\u00e4sthesiologie i.R.<\/li>\n\n\n\n<li>Dr. med. Christa Welling, Fach\u00e4rztin f\u00fcr Chirurgie und Gef\u00e4\u00dfchirurgie, \u00e4rztliches Qualit\u00e4tsmanagement und Risikomanagement ONR<\/li>\n\n\n\n<li>Dr. med. vet. Burkhard Wendland<\/li>\n\n\n\n<li>Prof. Dr. med. Claus Werning, Frechen\/K\u00f6ln<\/li>\n\n\n\n<li>Dr. Ludger We\u00df, Hamburg<\/li>\n\n\n\n<li>Dr. rer. nat. Joachim Wiegert, Fachapotheker f. Offizinpharmazie, Hom\u00f6opathie &amp; Naturheilkunde<\/li>\n\n\n\n<li>Dr. med. Birgit Winkelmann, Brandenburg an der Havel<\/li>\n\n\n\n<li>Dr. med. Willibald&nbsp;Wittmann<\/li>\n\n\n\n<li>Christian Witzel, Fulda<\/li>\n\n\n\n<li>Heike Wolf, Berlin<\/li>\n\n\n\n<li>Dr. habil. Rainer Wolf, W\u00fcrzburg<\/li>\n\n\n\n<li>Dr. med. Birgit Wollenberg<\/li>\n\n\n\n<li>Cosima Wolter, Bremerhaven<\/li>\n\n\n\n<li>Edda-Lilli Wulle, Rheinfelden<\/li>\n\n\n\n<li>Edesa Yadegar<\/li>\n\n\n\n<li>Dr. med. Burkhard Ziegler, Herrsching<\/li>\n\n\n\n<li>Dr. Sebastian Ziehm, Ziethen<\/li>\n\n\n\n<li>Fr\u00e4nk Zimmer<\/li>\n<\/ul>\n","protected":false},"excerpt":{"rendered":"<p>Der M\u00fcnsteraner Kreis ruft Institutionen und Einzelpersonen auf, sich dem Memorandum als Unterst\u00fctzende anzuschlie\u00dfen. Bitte senden Sie hierzu eine Mail an christian.weymayr [at] web.de. In der Liste werden Einzelpersonen mit Vor- und Zunamen und Institutionen mit der Bezeichnung der Institution und dem Sitz der Institution gef\u00fchrt. Diese Angaben sind Mindestangaben, um in die Liste der [&hellip;]<\/p>\n","protected":false},"author":1,"featured_media":0,"parent":0,"menu_order":0,"comment_status":"closed","ping_status":"closed","template":"","meta":{"footnotes":"","_links_to":"","_links_to_target":""},"class_list":["post-15","page","type-page","status-publish","hentry"],"jetpack_sharing_enabled":true,"_links":{"self":[{"href":"https:\/\/muensteraner-kreis.de\/index.php?rest_route=\/wp\/v2\/pages\/15","targetHints":{"allow":["GET"]}}],"collection":[{"href":"https:\/\/muensteraner-kreis.de\/index.php?rest_route=\/wp\/v2\/pages"}],"about":[{"href":"https:\/\/muensteraner-kreis.de\/index.php?rest_route=\/wp\/v2\/types\/page"}],"author":[{"embeddable":true,"href":"https:\/\/muensteraner-kreis.de\/index.php?rest_route=\/wp\/v2\/users\/1"}],"replies":[{"embeddable":true,"href":"https:\/\/muensteraner-kreis.de\/index.php?rest_route=%2Fwp%2Fv2%2Fcomments&post=15"}],"version-history":[{"count":11,"href":"https:\/\/muensteraner-kreis.de\/index.php?rest_route=\/wp\/v2\/pages\/15\/revisions"}],"predecessor-version":[{"id":343,"href":"https:\/\/muensteraner-kreis.de\/index.php?rest_route=\/wp\/v2\/pages\/15\/revisions\/343"}],"wp:attachment":[{"href":"https:\/\/muensteraner-kreis.de\/index.php?rest_route=%2Fwp%2Fv2%2Fmedia&parent=15"}],"curies":[{"name":"wp","href":"https:\/\/api.w.org\/{rel}","templated":true}]}}