{"id":12,"date":"2020-04-25T17:30:27","date_gmt":"2020-04-25T15:30:27","guid":{"rendered":"http:\/\/muensteraner-kreis.de\/?page_id=12"},"modified":"2022-01-11T15:49:36","modified_gmt":"2022-01-11T14:49:36","slug":"ueber-uns","status":"publish","type":"page","link":"https:\/\/muensteraner-kreis.de\/?page_id=12","title":{"rendered":"\u00dcber uns"},"content":{"rendered":"\n<p>Um nicht nur medizinische, sondern auch ethische, wissenschaftstheoretische, psychologische und juristische Aspekte einzubeziehen, wurde der M\u00fcnsteraner Kreis bewusst interdisziplin\u00e4r aufgestellt. Die Arbeit der Gruppe wird nicht von Dritten finanziell unterst\u00fctzt und die Mitglieder sind frei von Interessenkonflikten.<\/p>\n\n\n\n<h3 class=\"wp-block-heading\">Sprecherinnen und Sprecher<\/h3>\n\n\n\n<p><strong>M\u00fcnsteraner Kreis<\/strong><br>Prof. Dr. Bettina Sch\u00f6ne-Seifert, Stellvertreter: Prof. Dr. Ulrich Krohs<br><strong>Presseteam<\/strong><br>Dr. Christian Weymayr, Stellvertreterin: Prof. Dr. Bettina Sch\u00f6ne-Seifert<br><\/p>\n\n\n\n<h3 class=\"wp-block-heading\">Mitglieder<\/h3>\n\n\n\n<p>Stand Januar 2022<\/p>\n\n\n\n<ul class=\"wp-block-list\"><li>Prof. Dr. Manfred Anlauf, Mitglied der Arzneimittelkommission der B\u00c4K, Bremerhaven<\/li><li>Dr.-Ing. Norbert Aust, Informationsnetzwerk Hom\u00f6opathie, Schopfheim<\/li><li>Dr. Hans\u2010Werner Bertelsen, Praxis f\u00fcr Zahnmedizin, Bremen<\/li><li>Juliane Boscheinen, Rechtsanw\u00e4ltin, Institut f\u00fcr Deutsches, Europ\u00e4isches und Internationales Medizinrecht, Gesundheitsrecht und Bioethik, Universit\u00e4t Mannheim<\/li><li>Prof. Dr. Dr. Edzard Ernst, University of Exeter<\/li><li>Dr. Daniel R. Friedrich, Institut f\u00fcr Ethik, Geschichte und Theorie der Medizin, Universit\u00e4t M\u00fcnster<\/li><li>Prof. Dr. Hans-Georg Hofer, Institut f\u00fcr Ethik, Geschichte und Theorie der Medizin, Universit\u00e4t M\u00fcnster<\/li><li>Prof. Dr. Paul Hoyningen\u2010Huene, Zentrale Einrichtung f\u00fcr Wissenschaftstheorie und Wissenschaftsethik, Universit\u00e4t Hannover<\/li><li>Prof. Dr. Dr. Peter Hucklenbroich, Institut f\u00fcr Ethik, Geschichte und Theorie der Medizin, Universit\u00e4t M\u00fcnster<\/li><li>Dr. Eva-Maria Jung, Philosophisches Seminar, Universit\u00e4t M\u00fcnster<\/li><li>Prof. Dr. Marie I. Kaiser, Abteilung Philosophie, Universit\u00e4t Bielefeld<\/li><li>Prof. Dr. Ulrich Krohs, Philosophisches Seminar und Zentrum f\u00fcr Wissenschaftstheorie, Universit\u00e4t M\u00fcnster<\/li><li>Prof. Dr. Holger Lyre, Bereich Philosophie, Universit\u00e4t Magdeburg <\/li><li>Dr. Benedikt Matenaer, Facharzt f\u00fcr An\u00e4sthesie und Schmerztherapie, Palliativmedizin, Bocholt<\/li><li>Dr. Claudia Nowack, Fach\u00e4rztin f\u00fcr Allgemeinmedizin, Diplom-Psychologin, M\u00fcnster<\/li><li>Dr. Jan\u2010Ole Reichardt, Institut f\u00fcr Ethik, Geschichte und Theorie der Medizin, Universit\u00e4t M\u00fcnster<\/li><li>Prof. Dr. Norbert Schmacke, Versorgungsforschung, Institut f\u00fcr Public Health und Pflegeforschung, Universit\u00e4t Bremen<\/li><li>Dr. Eugen Schmid, Gyn\u00e4kologe, Z\u00fcrich<\/li><li>Prof. Dr. Bettina Sch\u00f6ne\u2010Seifert, Lehrstuhl f\u00fcr Ethik der Medizin, Universit\u00e4t M\u00fcnster<\/li><li>Prof. Dr. Oliver R. Scholz, Philosophisches Seminar, Theoretische Philosophie, Universit\u00e4t M\u00fcnster<\/li><li>Dr. Markus Seidel, Zentrum f\u00fcr Wissenschaftstheorie, Universit\u00e4t M\u00fcnster<\/li><li>Prof. Dr. Jochen Taupitz, Institut f\u00fcr Deutsches, Europ\u00e4isches und Internationales Medizinrecht, Gesundheitsrecht und Bioethik, Universit\u00e4t Mannheim<\/li><li>Dr. Christian Weymayr, freier Wissenschafts\u2010 und Medizinjournalist, Herne<\/li><\/ul>\n","protected":false},"excerpt":{"rendered":"<p>Um nicht nur medizinische, sondern auch ethische, wissenschaftstheoretische, psychologische und juristische Aspekte einzubeziehen, wurde der M\u00fcnsteraner Kreis bewusst interdisziplin\u00e4r aufgestellt. Die Arbeit der Gruppe wird nicht von Dritten finanziell unterst\u00fctzt und die Mitglieder sind frei von Interessenkonflikten. Sprecherinnen und Sprecher M\u00fcnsteraner KreisProf. Dr. Bettina Sch\u00f6ne-Seifert, Stellvertreter: Prof. Dr. Ulrich KrohsPresseteamDr. Christian Weymayr, Stellvertreterin: Prof. Dr. [&hellip;]<\/p>\n","protected":false},"author":1,"featured_media":0,"parent":0,"menu_order":0,"comment_status":"closed","ping_status":"closed","template":"","meta":{"footnotes":"","_links_to":"","_links_to_target":""},"class_list":["post-12","page","type-page","status-publish","hentry"],"jetpack_sharing_enabled":true,"_links":{"self":[{"href":"https:\/\/muensteraner-kreis.de\/index.php?rest_route=\/wp\/v2\/pages\/12","targetHints":{"allow":["GET"]}}],"collection":[{"href":"https:\/\/muensteraner-kreis.de\/index.php?rest_route=\/wp\/v2\/pages"}],"about":[{"href":"https:\/\/muensteraner-kreis.de\/index.php?rest_route=\/wp\/v2\/types\/page"}],"author":[{"embeddable":true,"href":"https:\/\/muensteraner-kreis.de\/index.php?rest_route=\/wp\/v2\/users\/1"}],"replies":[{"embeddable":true,"href":"https:\/\/muensteraner-kreis.de\/index.php?rest_route=%2Fwp%2Fv2%2Fcomments&post=12"}],"version-history":[{"count":11,"href":"https:\/\/muensteraner-kreis.de\/index.php?rest_route=\/wp\/v2\/pages\/12\/revisions"}],"predecessor-version":[{"id":187,"href":"https:\/\/muensteraner-kreis.de\/index.php?rest_route=\/wp\/v2\/pages\/12\/revisions\/187"}],"wp:attachment":[{"href":"https:\/\/muensteraner-kreis.de\/index.php?rest_route=%2Fwp%2Fv2%2Fmedia&parent=12"}],"curies":[{"name":"wp","href":"https:\/\/api.w.org\/{rel}","templated":true}]}}